{"id":28740,"date":"2024-12-13T10:29:43","date_gmt":"2024-12-13T09:29:43","guid":{"rendered":"https:\/\/shuttle1.amrlimo.ch\/ticket-shop"},"modified":"2025-05-14T20:50:44","modified_gmt":"2025-05-14T18:50:44","slug":"ticket-shop","status":"publish","type":"page","link":"https:\/\/devshut1.amrlimo.ch\/de\/ticket-shop","title":{"rendered":"Ticket Shop"},"content":{"rendered":"\t\t<div data-elementor-type=\"wp-page\" data-elementor-id=\"28740\" class=\"elementor elementor-28740 elementor-28737\">\n\t\t\t\t<div class=\"wd-negative-gap elementor-element elementor-element-85ac91f e-flex e-con-boxed e-con e-parent\" data-id=\"85ac91f\" data-element_type=\"container\">\n\t\t\t\t\t<div class=\"e-con-inner\">\n\t\t\t\t<div class=\"elementor-element elementor-element-0bc624b elementor-widget elementor-widget-shortcode\" data-id=\"0bc624b\" data-element_type=\"widget\" data-widget_type=\"shortcode.default\">\n\t\t\t\t<div class=\"elementor-widget-container\">\n\t\t\t\t\t\t\t<div class=\"elementor-shortcode\">\t\t\t<link rel=\"stylesheet\" id=\"elementor-post-28748-css\" href=\"https:\/\/devshut1.amrlimo.ch\/wp-content\/uploads\/elementor\/css\/post-28748.css?ver=1776323585\" type=\"text\/css\" media=\"all\">\n\t\t\t\t\t<div data-elementor-type=\"wp-post\" data-elementor-id=\"28748\" class=\"elementor elementor-28748 elementor-28747\">\n\t\t\t\t<div class=\"wd-negative-gap elementor-element elementor-element-1af948f e-flex e-con-boxed e-con e-parent\" data-id=\"1af948f\" data-element_type=\"container\">\n\t\t\t\t\t<div class=\"e-con-inner\">\n\t\t\t\t<div class=\"elementor-element elementor-element-d0adebd wd-width-100 elementor-widget elementor-widget-wd_title\" data-id=\"d0adebd\" data-element_type=\"widget\" data-widget_type=\"wd_title.default\">\n\t\t\t\t<div class=\"elementor-widget-container\">\n\t\t\t\t\t\t\t<div class=\"title-wrapper set-mb-s reset-last-child wd-title-color-default wd-title-style-default wd-title-size-default text-center\">\n\n\t\t\t\n\t\t\t<div class=\"liner-continer\">\n\t\t\t\t<h4 class=\"woodmart-title-container title wd-fontsize-l\">Bitte reservieren Sie den Shuttle Transport<\/h4> \n\t\t\t\t\t\t\t<\/div>\n\n\t\t\t\t\t\t\t<div class=\"title-after_title set-cont-mb-s reset-last-child wd-fontsize-xs\">\n\t\t\t\t\tP\u00fcnktlich, zuverl\u00e4ssig und abgestimmt auf Ihren Tag.\t\t\t\t<\/div>\n\t\t\t\t\t<\/div>\n\t\t\t\t\t\t<\/div>\n\t\t\t\t<\/div>\n\t\t\t\t\t<\/div>\n\t\t\t\t<\/div>\n\t\t<div class=\"wd-negative-gap elementor-element elementor-element-80e0b4b wd-section-stretch e-flex e-con-boxed e-con e-parent\" data-id=\"80e0b4b\" data-element_type=\"container\">\n\t\t\t\t\t<div class=\"e-con-inner\">\n\t\t<a class=\"wd-negative-gap elementor-element elementor-element-156be48 toairport-riss e-flex e-con-boxed e-con e-child\" data-id=\"156be48\" data-element_type=\"container\" data-settings=\"{&quot;background_background&quot;:&quot;classic&quot;}\" href=\"https:\/\/devshut1.amrlimo.ch\/ticket\/single-ticket\">\n\t\t\t\t\t<div class=\"e-con-inner\">\n\t\t\t\t<div class=\"elementor-element elementor-element-01c7112 elementor-widget elementor-widget-heading\" data-id=\"01c7112\" data-element_type=\"widget\" data-widget_type=\"heading.default\">\n\t\t\t\t<div class=\"elementor-widget-container\">\n\t\t\t\t\t<h2 class=\"elementor-heading-title elementor-size-default\">Buchen Sie Ihr Ticket\n<br><br><br><br>7 CHF \/ Person<\/h2>\t\t\t\t<\/div>\n\t\t\t\t<\/div>\n\t\t\t\t\t<\/div>\n\t\t\t\t<\/a>\n\t\t<a class=\"elementor-element elementor-element-6348a90 e-con-full e-flex e-con e-child\" data-id=\"6348a90\" data-element_type=\"container\" data-settings=\"{&quot;background_background&quot;:&quot;classic&quot;}\">\n\t\t\t\t<div class=\"elementor-element elementor-element-c1588f3 elementor-widget elementor-widget-wd_text_block\" data-id=\"c1588f3\" data-element_type=\"widget\" data-widget_type=\"wd_text_block.default\">\n\t\t\t\t<div class=\"elementor-widget-container\">\n\t\t\t\t\t\t\t<div class=\"wd-text-block reset-last-child text-left\">\n\t\t\t\n\t\t\t<h3>Anmerkungen<\/h3><ul><li>Gruppen ab 10 Personen erhalten individuelle Konditionen. Bitte kontaktieren Sie unser Shuttlebus B\u00fcro f\u00fcr ein pers\u00f6nliches Angebot. (vip@amrlimo.ch \/ +41 (0)44 599 66 90)<\/li><li>Jedes gekaufte Ticket ist f\u00fcr eine <span style=\"text-decoration: underline;\"><strong>einfache Fahrt<\/strong><\/span> zum Hotel oder Flughafen g\u00fcltig und gilt ab dem Kaufdatum ein Jahr lang.<\/li><li>Der Bus f\u00e4hrt t\u00e4glich zwischen 5 und 23 Uhr.<\/li><li>Die Sitzpl\u00e4tze werden nach dem Prinzip \u201eWer zuerst kommt, mahlt zuerst\u201c vergeben und sind nicht garantiert. Bei \u00dcberbuchung f\u00e4hrt der Shuttle durchgehend, was zu einer Wartezeit von 10 bis 15 Minuten f\u00fchren kann. <\/li><li>Kinder unter 6 Jahren fahren kostenlos. Bitte Ausweis vorweisen. <\/li><li>Keine R\u00fcckerstattung<\/li><\/ul>\n\t\t\t\t\t<\/div>\n\t\t\t\t\t\t<\/div>\n\t\t\t\t<\/div>\n\t\t\t\t<\/a>\n\t\t\t\t\t<\/div>\n\t\t\t\t<\/div>\n\t\t\t\t<\/div>\n\t\t<\/div>\n\t\t\t\t\t\t<\/div>\n\t\t\t\t<\/div>\n\t\t\t\t\t<\/div>\n\t\t\t\t<\/div>\n\t\t\t\t<\/div>\n\t\t","protected":false},"excerpt":{"rendered":"","protected":false},"author":1,"featured_media":0,"parent":0,"menu_order":0,"comment_status":"closed","ping_status":"closed","template":"","meta":{"footnotes":""},"class_list":["post-28740","page","type-page","status-publish","hentry"],"yoast_head":"<!-- This site is optimized with the Yoast SEO plugin v26.4 - https:\/\/yoast.com\/wordpress\/plugins\/seo\/ -->\n<title>Ticket Shop - AMR Airport Shuttle<\/title>\n<meta name=\"robots\" content=\"noindex, follow, max-snippet:-1, max-image-preview:large, max-video-preview:-1\" \/>\n<meta property=\"og:locale\" content=\"de_DE\" \/>\n<meta property=\"og:type\" content=\"article\" \/>\n<meta property=\"og:title\" content=\"Ticket Shop - AMR Airport Shuttle\" \/>\n<meta property=\"og:url\" content=\"https:\/\/devshut1.amrlimo.ch\/de\/ticket-shop\" \/>\n<meta property=\"og:site_name\" content=\"AMR Airport Shuttle\" \/>\n<meta property=\"article:publisher\" content=\"https:\/\/www.facebook.com\/amrlimo.ch\/\" \/>\n<meta property=\"article:modified_time\" content=\"2025-05-14T18:50:44+00:00\" \/>\n<meta name=\"twitter:card\" content=\"summary_large_image\" \/>\n<meta name=\"twitter:label1\" content=\"Gesch\u00e4tzte Lesezeit\" \/>\n\t<meta name=\"twitter:data1\" content=\"1\u00a0Minute\" \/>\n<script type=\"application\/ld+json\" class=\"yoast-schema-graph\">{\"@context\":\"https:\/\/schema.org\",\"@graph\":[{\"@type\":\"WebPage\",\"@id\":\"https:\/\/devshut1.amrlimo.ch\/de\/ticket-shop\",\"url\":\"https:\/\/devshut1.amrlimo.ch\/de\/ticket-shop\",\"name\":\"Ticket Shop - AMR Airport Shuttle\",\"isPartOf\":{\"@id\":\"https:\/\/devshut1.amrlimo.ch\/de#website\"},\"datePublished\":\"2024-12-13T09:29:43+00:00\",\"dateModified\":\"2025-05-14T18:50:44+00:00\",\"breadcrumb\":{\"@id\":\"https:\/\/devshut1.amrlimo.ch\/de\/ticket-shop#breadcrumb\"},\"inLanguage\":\"de\",\"potentialAction\":[{\"@type\":\"ReadAction\",\"target\":[\"https:\/\/devshut1.amrlimo.ch\/de\/ticket-shop\"]}]},{\"@type\":\"BreadcrumbList\",\"@id\":\"https:\/\/devshut1.amrlimo.ch\/de\/ticket-shop#breadcrumb\",\"itemListElement\":[{\"@type\":\"ListItem\",\"position\":1,\"name\":\"Startseite\",\"item\":\"https:\/\/devshut1.amrlimo.ch\/de\"},{\"@type\":\"ListItem\",\"position\":2,\"name\":\"Ticket Shop\"}]},{\"@type\":\"WebSite\",\"@id\":\"https:\/\/devshut1.amrlimo.ch\/de#website\",\"url\":\"https:\/\/devshut1.amrlimo.ch\/de\",\"name\":\"AMR Limo GmbH\",\"description\":\"Shuttle Service operated by AMR\",\"publisher\":{\"@id\":\"https:\/\/devshut1.amrlimo.ch\/de#organization\"},\"potentialAction\":[{\"@type\":\"SearchAction\",\"target\":{\"@type\":\"EntryPoint\",\"urlTemplate\":\"https:\/\/devshut1.amrlimo.ch\/de?s={search_term_string}\"},\"query-input\":{\"@type\":\"PropertyValueSpecification\",\"valueRequired\":true,\"valueName\":\"search_term_string\"}}],\"inLanguage\":\"de\"},{\"@type\":\"Organization\",\"@id\":\"https:\/\/devshut1.amrlimo.ch\/de#organization\",\"name\":\"AMR Limo GmbH\",\"url\":\"https:\/\/devshut1.amrlimo.ch\/de\",\"logo\":{\"@type\":\"ImageObject\",\"inLanguage\":\"de\",\"@id\":\"https:\/\/devshut1.amrlimo.ch\/de#\/schema\/logo\/image\/\",\"url\":\"https:\/\/devshut1.amrlimo.ch\/wp-content\/uploads\/images-invoce.png\",\"contentUrl\":\"https:\/\/devshut1.amrlimo.ch\/wp-content\/uploads\/images-invoce.png\",\"width\":313,\"height\":109,\"caption\":\"AMR Limo GmbH\"},\"image\":{\"@id\":\"https:\/\/devshut1.amrlimo.ch\/de#\/schema\/logo\/image\/\"},\"sameAs\":[\"https:\/\/www.facebook.com\/amrlimo.ch\/\",\"https:\/\/www.linkedin.com\/in\/ghulam-malik-12062185\/\"]}]}<\/script>\n<!-- \/ Yoast SEO plugin. -->","yoast_head_json":{"title":"Ticket Shop - AMR Airport Shuttle","robots":{"index":"noindex","follow":"follow","max-snippet":"max-snippet:-1","max-image-preview":"max-image-preview:large","max-video-preview":"max-video-preview:-1"},"og_locale":"de_DE","og_type":"article","og_title":"Ticket Shop - AMR Airport Shuttle","og_url":"https:\/\/devshut1.amrlimo.ch\/de\/ticket-shop","og_site_name":"AMR Airport Shuttle","article_publisher":"https:\/\/www.facebook.com\/amrlimo.ch\/","article_modified_time":"2025-05-14T18:50:44+00:00","twitter_card":"summary_large_image","twitter_misc":{"Gesch\u00e4tzte Lesezeit":"1\u00a0Minute"},"schema":{"@context":"https:\/\/schema.org","@graph":[{"@type":"WebPage","@id":"https:\/\/devshut1.amrlimo.ch\/de\/ticket-shop","url":"https:\/\/devshut1.amrlimo.ch\/de\/ticket-shop","name":"Ticket Shop - AMR Airport Shuttle","isPartOf":{"@id":"https:\/\/devshut1.amrlimo.ch\/de#website"},"datePublished":"2024-12-13T09:29:43+00:00","dateModified":"2025-05-14T18:50:44+00:00","breadcrumb":{"@id":"https:\/\/devshut1.amrlimo.ch\/de\/ticket-shop#breadcrumb"},"inLanguage":"de","potentialAction":[{"@type":"ReadAction","target":["https:\/\/devshut1.amrlimo.ch\/de\/ticket-shop"]}]},{"@type":"BreadcrumbList","@id":"https:\/\/devshut1.amrlimo.ch\/de\/ticket-shop#breadcrumb","itemListElement":[{"@type":"ListItem","position":1,"name":"Startseite","item":"https:\/\/devshut1.amrlimo.ch\/de"},{"@type":"ListItem","position":2,"name":"Ticket Shop"}]},{"@type":"WebSite","@id":"https:\/\/devshut1.amrlimo.ch\/de#website","url":"https:\/\/devshut1.amrlimo.ch\/de","name":"AMR Limo GmbH","description":"Shuttle Service operated by AMR","publisher":{"@id":"https:\/\/devshut1.amrlimo.ch\/de#organization"},"potentialAction":[{"@type":"SearchAction","target":{"@type":"EntryPoint","urlTemplate":"https:\/\/devshut1.amrlimo.ch\/de?s={search_term_string}"},"query-input":{"@type":"PropertyValueSpecification","valueRequired":true,"valueName":"search_term_string"}}],"inLanguage":"de"},{"@type":"Organization","@id":"https:\/\/devshut1.amrlimo.ch\/de#organization","name":"AMR Limo GmbH","url":"https:\/\/devshut1.amrlimo.ch\/de","logo":{"@type":"ImageObject","inLanguage":"de","@id":"https:\/\/devshut1.amrlimo.ch\/de#\/schema\/logo\/image\/","url":"https:\/\/devshut1.amrlimo.ch\/wp-content\/uploads\/images-invoce.png","contentUrl":"https:\/\/devshut1.amrlimo.ch\/wp-content\/uploads\/images-invoce.png","width":313,"height":109,"caption":"AMR Limo GmbH"},"image":{"@id":"https:\/\/devshut1.amrlimo.ch\/de#\/schema\/logo\/image\/"},"sameAs":["https:\/\/www.facebook.com\/amrlimo.ch\/","https:\/\/www.linkedin.com\/in\/ghulam-malik-12062185\/"]}]}},"_links":{"self":[{"href":"https:\/\/devshut1.amrlimo.ch\/de\/wp-json\/wp\/v2\/pages\/28740","targetHints":{"allow":["GET"]}}],"collection":[{"href":"https:\/\/devshut1.amrlimo.ch\/de\/wp-json\/wp\/v2\/pages"}],"about":[{"href":"https:\/\/devshut1.amrlimo.ch\/de\/wp-json\/wp\/v2\/types\/page"}],"author":[{"embeddable":true,"href":"https:\/\/devshut1.amrlimo.ch\/de\/wp-json\/wp\/v2\/users\/1"}],"replies":[{"embeddable":true,"href":"https:\/\/devshut1.amrlimo.ch\/de\/wp-json\/wp\/v2\/comments?post=28740"}],"version-history":[{"count":0,"href":"https:\/\/devshut1.amrlimo.ch\/de\/wp-json\/wp\/v2\/pages\/28740\/revisions"}],"wp:attachment":[{"href":"https:\/\/devshut1.amrlimo.ch\/de\/wp-json\/wp\/v2\/media?parent=28740"}],"curies":[{"name":"wp","href":"https:\/\/api.w.org\/{rel}","templated":true}]}}